{"id":1404,"date":"2025-07-03T15:15:57","date_gmt":"2025-07-03T15:15:57","guid":{"rendered":"https:\/\/villasalegria.com\/?page_id=1404"},"modified":"2025-08-08T08:39:54","modified_gmt":"2025-08-08T08:39:54","slug":"politica-de-cookies","status":"publish","type":"page","link":"https:\/\/villasalegria.com\/en\/politica-de-cookies\/","title":{"rendered":"cookie policy"},"content":{"rendered":"<div data-elementor-type=\"wp-page\" data-elementor-id=\"1404\" class=\"elementor elementor-1404\" data-elementor-post-type=\"page\">\n\t\t\t\t\t\t<section class=\"elementor-section elementor-top-section elementor-element elementor-element-22f08d6d elementor-section-height-min-height elementor-section-boxed elementor-section-height-default elementor-section-items-middle\" data-id=\"22f08d6d\" data-element_type=\"section\" data-e-type=\"section\" data-settings=\"{&quot;background_background&quot;:&quot;classic&quot;}\">\n\t\t\t\t\t\t\t<div class=\"elementor-background-overlay\"><\/div>\n\t\t\t\t\t\t\t<div class=\"elementor-container elementor-column-gap-no\">\n\t\t\t\t\t<div class=\"elementor-column elementor-col-100 elementor-top-column elementor-element elementor-element-3e5c3aa3\" data-id=\"3e5c3aa3\" data-element_type=\"column\" data-e-type=\"column\">\n\t\t\t<div class=\"elementor-widget-wrap\">\n\t\t\t\t\t\t\t<\/div>\n\t\t<\/div>\n\t\t\t\t\t<\/div>\n\t\t<\/section>\n\t\t\t\t<section class=\"elementor-section elementor-top-section elementor-element elementor-element-2dd69e63 elementor-section-boxed elementor-section-height-default elementor-section-height-default\" data-id=\"2dd69e63\" data-element_type=\"section\" data-e-type=\"section\">\n\t\t\t\t\t\t<div class=\"elementor-container elementor-column-gap-no\">\n\t\t\t\t\t<div class=\"elementor-column elementor-col-100 elementor-top-column elementor-element elementor-element-10d8a754\" data-id=\"10d8a754\" data-element_type=\"column\" data-e-type=\"column\">\n\t\t\t<div class=\"elementor-widget-wrap elementor-element-populated\">\n\t\t\t\t\t\t<section class=\"elementor-section elementor-inner-section elementor-element elementor-element-329b23dd elementor-section-boxed elementor-section-height-default elementor-section-height-default\" data-id=\"329b23dd\" data-element_type=\"section\" data-e-type=\"section\">\n\t\t\t\t\t\t<div class=\"elementor-container elementor-column-gap-no\">\n\t\t\t\t\t<div class=\"elementor-column elementor-col-100 elementor-inner-column elementor-element elementor-element-74d7ccaa\" data-id=\"74d7ccaa\" data-element_type=\"column\" data-e-type=\"column\">\n\t\t\t<div class=\"elementor-widget-wrap elementor-element-populated\">\n\t\t\t\t\t\t<div class=\"elementor-element elementor-element-d4d47f7 elementor-widget elementor-widget-text-editor\" data-id=\"d4d47f7\" data-element_type=\"widget\" data-e-type=\"widget\" data-widget_type=\"text-editor.default\">\n\t\t\t\t<div class=\"elementor-widget-container\">\n\t\t\t\t\t\t\t\t\t<div class=\"elementor-element elementor-element-ffe5c6f elementor-widget elementor-widget-heading\" data-id=\"ffe5c6f\" data-element_type=\"widget\" data-widget_type=\"heading.default\"><div class=\"elementor-widget-container\"><p data-start=\"128\" data-end=\"156\"><strong data-start=\"128\" data-end=\"154\">Privacy Policy<\/strong><\/p><p data-start=\"158\" data-end=\"418\">In Villas Alegr\u00eda, managed by <strong data-start=\"192\" data-end=\"233\">Eduardo Pe\u00f1a Hernandez, DNI 51455186T<\/strong>, we are committed to your privacy and transparency. Below, we inform you clearly about how we process your personal data when you interact with our website.<\/p><hr data-start=\"420\" data-end=\"423\" \/><p data-start=\"425\" data-end=\"461\"><strong data-start=\"425\" data-end=\"459\">1. Responsible for treatment<\/strong><\/p><ul data-start=\"463\" data-end=\"673\"><li data-start=\"463\" data-end=\"501\"><p data-start=\"465\" data-end=\"501\"><strong data-start=\"465\" data-end=\"476\">Name:<\/strong> Eduardo Pena Hernandez<\/p><\/li><li data-start=\"502\" data-end=\"530\"><p data-start=\"504\" data-end=\"530\"><strong data-start=\"504\" data-end=\"518\">DNI \/ NIF:<\/strong> 51455186T<\/p><\/li><li data-start=\"531\" data-end=\"607\"><p data-start=\"533\" data-end=\"607\"><strong data-start=\"533\" data-end=\"547\">Address:<\/strong> Calle Pardelas 7 \u2013 35660 \u2013 La Oliva \u2013 Las Palmas \u2013 Spain<\/p><\/li><li data-start=\"608\" data-end=\"673\"><p data-start=\"610\" data-end=\"673\"><strong data-start=\"610\" data-end=\"645\">Contact email:<\/strong> <a class=\"cursor-pointer\" rel=\"noopener\" data-start=\"646\" data-end=\"671\">booking@villasalegria.com<\/a><\/p><\/li><\/ul><hr data-start=\"675\" data-end=\"678\" \/><p data-start=\"680\" data-end=\"714\"><strong data-start=\"680\" data-end=\"712\">2. Purpose of the treatment<\/strong><\/p><p data-start=\"716\" data-end=\"785\">Your personal data will be treated for the following purposes:<\/p><ul data-start=\"787\" data-end=\"1160\"><li data-start=\"787\" data-end=\"877\"><p data-start=\"789\" data-end=\"877\">Manage requests for information or contact made through the website.<\/p><\/li><li data-start=\"878\" data-end=\"956\"><p data-start=\"880\" data-end=\"956\">Attend potential clients interested in our villas or services.<\/p><\/li><li data-start=\"957\" data-end=\"1089\"><p data-start=\"959\" data-end=\"1089\">Send commercial communications, promotions or content related to Villas Alegr\u00eda (including electronically).<\/p><\/li><li data-start=\"1090\" data-end=\"1160\"><p data-start=\"1092\" data-end=\"1160\">Manage the subscription to our newsletter, if any.<\/p><\/li><\/ul><p data-start=\"1162\" data-end=\"1238\">\ud83d\udd12 Automated decisions based on your personal data will not be made.<\/p><hr data-start=\"1240\" data-end=\"1243\" \/><p data-start=\"1245\" data-end=\"1286\"><strong data-start=\"1245\" data-end=\"1284\">3. Legitimation for treatment<\/strong><\/p><p data-start=\"1288\" data-end=\"1358\">The processing of your data is based on the following legal bases:<\/p><ul data-start=\"1360\" data-end=\"1694\"><li data-start=\"1360\" data-end=\"1459\"><p data-start=\"1362\" data-end=\"1459\"><strong data-start=\"1362\" data-end=\"1403\">Execution of pre-contractual measures<\/strong> (Art. 6.1.b GDPR): Reservation and request management.<\/p><\/li><li data-start=\"1460\" data-end=\"1573\"><p data-start=\"1462\" data-end=\"1573\"><strong data-start=\"1462\" data-end=\"1495\">consent of the interested party<\/strong> (Art. 6.1.a GDPR): For sending commercial communications and newsletters.<\/p><\/li><li data-start=\"1574\" data-end=\"1694\"><p data-start=\"1576\" data-end=\"1694\"><strong data-start=\"1576\" data-end=\"1596\">legitimate interest<\/strong> (Art. 6.1.f GDPR): in the management of professional relationships and continuous improvement of the service.<\/p><\/li><\/ul><hr data-start=\"1696\" data-end=\"1699\" \/><p data-start=\"1701\" data-end=\"1744\"><strong data-start=\"1701\" data-end=\"1742\">4. Data storage period<\/strong><\/p><p data-start=\"1746\" data-end=\"1882\">Your data will be kept for the time necessary to fulfill the aforementioned purposes, or until you request its deletion.<\/p><hr data-start=\"1884\" data-end=\"1887\" \/><p data-start=\"1889\" data-end=\"1911\"><strong data-start=\"1889\" data-end=\"1909\">5. addressees<\/strong><\/p><p data-start=\"1913\" data-end=\"1985\">Your personal data will not be transferred to third parties, except legal obligation.<\/p><hr data-start=\"1987\" data-end=\"1990\" \/><p data-start=\"1992\" data-end=\"2031\"><strong data-start=\"1992\" data-end=\"2029\">6. international transfers<\/strong><\/p><p data-start=\"2033\" data-end=\"2088\">International data transfers are not expected.<\/p><hr data-start=\"2090\" data-end=\"2093\" \/><p data-start=\"2095\" data-end=\"2124\"><strong data-start=\"2095\" data-end=\"2122\">7. user rights<\/strong><\/p><p data-start=\"2126\" data-end=\"2145\">You have the right to:<\/p><ul data-start=\"2147\" data-end=\"2408\"><li data-start=\"2147\" data-end=\"2182\"><p data-start=\"2149\" data-end=\"2182\">access your personal data.<\/p><\/li><li data-start=\"2183\" data-end=\"2233\"><p data-start=\"2185\" data-end=\"2233\">Request the rectification of inaccurate data.<\/p><\/li><li data-start=\"2234\" data-end=\"2303\"><p data-start=\"2236\" data-end=\"2303\">Request the deletion of your data when they are no longer necessary.<\/p><\/li><li data-start=\"2304\" data-end=\"2345\"><p data-start=\"2306\" data-end=\"2345\">Oppose the processing of your data.<\/p><\/li><li data-start=\"2346\" data-end=\"2408\"><p data-start=\"2348\" data-end=\"2408\">Request portability or limitation of treatment.<\/p><\/li><\/ul><p data-start=\"2410\" data-end=\"2570\">\ud83d\udce7 You can exercise these rights by writing to <strong data-start=\"2457\" data-end=\"2486\"><a class=\"cursor-pointer\" rel=\"noopener\" data-start=\"2459\" data-end=\"2484\">booking@villasalegria.com<\/a><\/strong> or by sending a request by post to the address indicated in point 1.<\/p><p data-start=\"2572\" data-end=\"2754\">\ud83d\udee1\ufe0f If you consider that your rights have not been respected, you can file a claim with the Spanish Data Protection Agency:<br data-start=\"2712\" data-end=\"2715\" \/>\ud83d\udd17 <a class=\"\" href=\"https:\/\/www.aepd.es\" target=\"_new\" rel=\"noopener\" data-start=\"2718\" data-end=\"2752\">www.aepd.es<\/a><\/p><hr data-start=\"2756\" data-end=\"2759\" \/><p data-start=\"2761\" data-end=\"2794\"><strong data-start=\"2761\" data-end=\"2792\">8. origin of the data<\/strong><\/p><p data-start=\"2796\" data-end=\"2958\">The personal data we process comes directly from the user, through the contact forms, reservation or subscription available on the website.<\/p><\/div><\/div>\t\t\t\t\t\t\t\t<\/div>\n\t\t\t\t<\/div>\n\t\t\t\t\t<\/div>\n\t\t<\/div>\n\t\t\t\t\t<\/div>\n\t\t<\/section>\n\t\t\t\t\t<\/div>\n\t\t<\/div>\n\t\t\t\t\t<\/div>\n\t\t<\/section>\n\t\t\t\t<\/div>","protected":false},"excerpt":{"rendered":"<p>POL\u00cdTICA DE PRIVACIDAD En Villas Alegr\u00eda, gestionado por Eduardo Pe\u00f1a Hern\u00e1ndez, DNI 51455186T, nos comprometemos con tu privacidad y transparencia. A continuaci\u00f3n, te informamos de manera clara sobre c\u00f3mo tratamos tus datos personales cuando interact\u00faas con nuestro sitio web. 1. Responsable del tratamiento Nombre: Eduardo Pe\u00f1a Hern\u00e1ndez DNI \/ NIF: 51455186T Direcci\u00f3n: Calle Pardelas 7 [&hellip;]<\/p>\n","protected":false},"author":1,"featured_media":0,"parent":0,"menu_order":0,"comment_status":"closed","ping_status":"closed","template":"elementor_header_footer","meta":{"footnotes":""},"class_list":["post-1404","page","type-page","status-publish","hentry"],"_links":{"self":[{"href":"https:\/\/villasalegria.com\/en\/wp-json\/wp\/v2\/pages\/1404","targetHints":{"allow":["GET"]}}],"collection":[{"href":"https:\/\/villasalegria.com\/en\/wp-json\/wp\/v2\/pages"}],"about":[{"href":"https:\/\/villasalegria.com\/en\/wp-json\/wp\/v2\/types\/page"}],"author":[{"embeddable":true,"href":"https:\/\/villasalegria.com\/en\/wp-json\/wp\/v2\/users\/1"}],"replies":[{"embeddable":true,"href":"https:\/\/villasalegria.com\/en\/wp-json\/wp\/v2\/comments?post=1404"}],"version-history":[{"count":11,"href":"https:\/\/villasalegria.com\/en\/wp-json\/wp\/v2\/pages\/1404\/revisions"}],"predecessor-version":[{"id":2486,"href":"https:\/\/villasalegria.com\/en\/wp-json\/wp\/v2\/pages\/1404\/revisions\/2486"}],"wp:attachment":[{"href":"https:\/\/villasalegria.com\/en\/wp-json\/wp\/v2\/media?parent=1404"}],"curies":[{"name":"WP","href":"https:\/\/api.w.org\/{rel}","templated":true}]}}