{"id":529,"date":"2025-06-04T19:47:25","date_gmt":"2025-06-04T19:47:25","guid":{"rendered":"https:\/\/villasalegria.com\/?page_id=529"},"modified":"2025-06-06T09:57:59","modified_gmt":"2025-06-06T09:57:59","slug":"pagina-de-pruebas","status":"publish","type":"page","link":"https:\/\/villasalegria.com\/en\/pagina-de-pruebas\/","title":{"rendered":"test page"},"content":{"rendered":"<div data-elementor-type=\"wp-page\" data-elementor-id=\"529\" class=\"elementor elementor-529\" data-elementor-post-type=\"page\">\n\t\t\t\t<div class=\"elementor-element elementor-element-41534cce e-flex e-con-boxed e-con e-parent\" data-id=\"41534cce\" data-element_type=\"container\" data-e-type=\"container\">\n\t\t\t\t\t<div class=\"e-con-inner\">\n\t\t\t\t<div class=\"elementor-element elementor-element-a1a685c elementor-widget elementor-widget-text-editor\" data-id=\"a1a685c\" data-element_type=\"widget\" data-e-type=\"widget\" data-widget_type=\"text-editor.default\">\n\t\t\t\t<div class=\"elementor-widget-container\">\n\t\t\t\t\t\t\t\t\t<h3>Formularios de b\u00fasqueda<\/h3>\n<p>&#8211; Mostrar un <strong>formulario de reserva global<\/strong> (todos sus tipos de alojamiento):<\/p>\n<\/p>\n<p>&#8211; Mostrar un formulario de <strong>reserva global con redirecci\u00f3<\/strong>n hacia otra p\u00e1gina <strong>para los resultados<\/strong> de b\u00fasquedas:<\/p>\n<\/p>\n<p>&#8211; Mostrar un formulario de <strong>reserva global<\/strong> con <strong>redirecci\u00f3n<\/strong> hacia otra p\u00e1gina <strong>despu\u00e9s de la selecci\u00f3n<\/strong> del alojamiento:<\/p>\n<\/p>\n<p>&#8211; Mostrar un formulario de <strong>reserva para una villa espec\u00edfica<\/strong>:<\/p>\n<\/p>\n<p>\u00a0<\/p>\n<h3>Calendario de disponibilidades, tabla de tarifas<\/h3>\n<p>&#8211; Mostrar un calendario de disponibilidades:<\/p>\n<\/p>\n<p>&#8211; Mostrar una tabla de tarifas:<\/p>\n<\/p>\n<p>\u00a0<\/p>\n<h3>Lista de tipos de alojamientos<\/h3><\/p>\n\t\t\t\t\t\t\t\t<\/div>\n\t\t\t\t<\/div>\n\t\t\t\t\t<\/div>\n\t\t\t\t<\/div>\n\t\t\t\t<\/div>","protected":false},"excerpt":{"rendered":"","protected":false},"author":1,"featured_media":0,"parent":0,"menu_order":0,"comment_status":"closed","ping_status":"closed","template":"","meta":{"footnotes":""},"class_list":["post-529","page","type-page","status-publish","hentry"],"_links":{"self":[{"href":"https:\/\/villasalegria.com\/en\/wp-json\/wp\/v2\/pages\/529","targetHints":{"allow":["GET"]}}],"collection":[{"href":"https:\/\/villasalegria.com\/en\/wp-json\/wp\/v2\/pages"}],"about":[{"href":"https:\/\/villasalegria.com\/en\/wp-json\/wp\/v2\/types\/page"}],"author":[{"embeddable":true,"href":"https:\/\/villasalegria.com\/en\/wp-json\/wp\/v2\/users\/1"}],"replies":[{"embeddable":true,"href":"https:\/\/villasalegria.com\/en\/wp-json\/wp\/v2\/comments?post=529"}],"version-history":[{"count":16,"href":"https:\/\/villasalegria.com\/en\/wp-json\/wp\/v2\/pages\/529\/revisions"}],"predecessor-version":[{"id":674,"href":"https:\/\/villasalegria.com\/en\/wp-json\/wp\/v2\/pages\/529\/revisions\/674"}],"wp:attachment":[{"href":"https:\/\/villasalegria.com\/en\/wp-json\/wp\/v2\/media?parent=529"}],"curies":[{"name":"WP","href":"https:\/\/api.w.org\/{rel}","templated":true}]}}